{"id":2080,"date":"2015-02-28T19:58:58","date_gmt":"2015-02-28T18:58:58","guid":{"rendered":"http:\/\/kuoture.de\/?page_id=2080"},"modified":"2022-03-12T13:20:28","modified_gmt":"2022-03-12T12:20:28","slug":"musteranfertigung","status":"publish","type":"page","link":"https:\/\/kuoture.de\/en\/musteranfertigung","title":{"rendered":"CAD Pattern making &#038; Sampling"},"content":{"rendered":"<div style=\"width: 660px;\" class=\"wp-video\"><video class=\"wp-video-shortcode\" id=\"video-2080-1\" width=\"660\" height=\"408\" preload=\"metadata\" controls=\"controls\"><source type=\"video\/mp4\" src=\"https:\/\/kuoture.de\/wp-content\/uploads\/2022\/02\/KUOTURE_Modellentwicklung-mit-Clo3D.mp4?_=1\" \/><a href=\"https:\/\/kuoture.de\/wp-content\/uploads\/2022\/02\/KUOTURE_Modellentwicklung-mit-Clo3D.mp4\">https:\/\/kuoture.de\/wp-content\/uploads\/2022\/02\/KUOTURE_Modellentwicklung-mit-Clo3D.mp4<\/a><\/video><\/div>\n<h5 style=\"text-align: left;\">PATTERN DEVELOPMENT &amp; PROTOTYPING OF YOUR HIGH &#8211; END FASHION COLLECTION AS PRODUCTION AND SALES SAMPLES, OR FOR CAMPAINS<\/h5>\n<ul>\n<li style=\"list-style-type: none;\">\n<ul style=\"list-style-type: square;\">\n<li><span style=\"font-size: 14px;\"><em>Erstellung von aussagekr\u00e4ftigen Nesselmodellen zur Erstschnittkontrolle<\/em><\/span><\/li>\n<li><span style=\"font-size: 14px;\"><em>Herstellung von Prototypen und Verkaufssamples<\/em><\/span><\/li>\n<li><span style=\"font-size: 14px;\"><em>Gr\u00f6\u00dfensatzmuster zur \u00dcberpr\u00fcfung der Gradierung<\/em><\/span><\/li>\n<li><span style=\"font-size: 14px;\"><em>Traditionell handwerkliche Schneidertechnik f\u00fcr DOB Bekleidung und leichte HAKA-Mode in klassischen Stoffen (Baumwolle, Wolle, Viskose, Leinen)<\/em><\/span><\/li>\n<li><span style=\"font-size: 14px;\"><em>Experimentelle Couture Verarbeitung f\u00fcr Braut-, Abend- und drapierte Designermode in Seide, Kaschmir, Leder und anderen besonderen Stoffen<\/em><\/span><\/li>\n<\/ul>\n<\/li>\n<\/ul>\n","protected":false},"excerpt":{"rendered":"<p>PATTERN DEVELOPMENT &amp; PROTOTYPING OF YOUR HIGH &#8211; END FASHION COLLECTION AS PRODUCTION AND SALES SAMPLES, OR FOR CAMPAINS Erstellung von aussagekr\u00e4ftigen Nesselmodellen zur Erstschnittkontrolle Herstellung von Prototypen und Verkaufssamples Gr\u00f6\u00dfensatzmuster zur \u00dcberpr\u00fcfung der Gradierung Traditionell handwerkliche Schneidertechnik f\u00fcr DOB Bekleidung und leichte HAKA-Mode in klassischen Stoffen (Baumwolle, Wolle, Viskose, Leinen) Experimentelle Couture Verarbeitung f\u00fcr &hellip; <a href=\"https:\/\/kuoture.de\/en\/musteranfertigung\" class=\"more-link\">Continue reading <span class=\"screen-reader-text\">CAD Pattern making &#038; Sampling<\/span><\/a><\/p>\n","protected":false},"author":1,"featured_media":0,"parent":0,"menu_order":4,"comment_status":"closed","ping_status":"closed","template":"","meta":{"footnotes":""},"class_list":["post-2080","page","type-page","status-publish","hentry"],"translation":{"provider":"WPGlobus","version":"3.0.2","language":"en","enabled_languages":["de","en"],"languages":{"de":{"title":true,"content":true,"excerpt":false},"en":{"title":true,"content":true,"excerpt":false}}},"yoast_head":"<!-- This site is optimized with the Yoast SEO plugin v27.5 - https:\/\/yoast.com\/product\/yoast-seo-wordpress\/ -->\n<title>CAD Pattern making &amp; Sampling - DIGITAL SAMPLES ATELIER<\/title>\n<meta name=\"robots\" content=\"index, follow, max-snippet:-1, max-image-preview:large, max-video-preview:-1\" \/>\n<link rel=\"canonical\" href=\"https:\/\/kuoture.de\/musteranfertigung\" \/>\n<meta property=\"og:locale\" content=\"en_US\" \/>\n<meta property=\"og:type\" content=\"article\" \/>\n<meta property=\"og:title\" content=\"CAD Pattern making &amp; Sampling - DIGITAL SAMPLES ATELIER\" \/>\n<meta property=\"og:url\" content=\"https:\/\/kuoture.de\/musteranfertigung\" \/>\n<meta property=\"og:site_name\" content=\"DIGITAL SAMPLES ATELIER\" \/>\n<meta property=\"article:publisher\" content=\"https:\/\/www.facebook.com\/kuoture\" \/>\n<meta property=\"article:modified_time\" content=\"2022-03-12T12:20:28+00:00\" \/>\n<meta name=\"twitter:label1\" content=\"Est. reading time\" \/>\n\t<meta name=\"twitter:data1\" content=\"1 minute\" \/>\n<script type=\"application\/ld+json\" class=\"yoast-schema-graph\">{\"@context\":\"https:\\\/\\\/schema.org\",\"@graph\":[{\"@type\":\"WebPage\",\"@id\":\"https:\\\/\\\/kuoture.de\\\/musteranfertigung\",\"url\":\"https:\\\/\\\/kuoture.de\\\/musteranfertigung\",\"name\":\"CAD Pattern making & Sampling - DIGITAL SAMPLES ATELIER\",\"isPartOf\":{\"@id\":\"https:\\\/\\\/kuoture.de\\\/#website\"},\"datePublished\":\"2015-02-28T18:58:58+00:00\",\"dateModified\":\"2022-03-12T12:20:28+00:00\",\"description\":\"Rationelle, traditionelle oder experimentelle Umsetzung Ihrer Kollektion als Produktionsmuster, f\u00fcr Fotoshootings & Messen \\\/ Mit Fokus auf Couture\",\"breadcrumb\":{\"@id\":\"https:\\\/\\\/kuoture.de\\\/musteranfertigung#breadcrumb\"},\"inLanguage\":\"en-US\",\"potentialAction\":[{\"@type\":\"ReadAction\",\"target\":[\"https:\\\/\\\/kuoture.de\\\/musteranfertigung\"]}]},{\"@type\":\"BreadcrumbList\",\"@id\":\"https:\\\/\\\/kuoture.de\\\/musteranfertigung#breadcrumb\",\"itemListElement\":[{\"@type\":\"ListItem\",\"position\":1,\"name\":\"Startseite\",\"item\":\"https:\\\/\\\/kuoture.de\\\/\"},{\"@type\":\"ListItem\",\"position\":2,\"name\":\"CAD Schnittkonstruktion &#038; Musterung\"}]},{\"@type\":\"WebSite\",\"@id\":\"https:\\\/\\\/kuoture.de\\\/#website\",\"url\":\"https:\\\/\\\/kuoture.de\\\/\",\"name\":\"KUOTURE - 3D | CAD | PATTERN MAKING\",\"description\":\"3D | CAD | PROTOTYPING\",\"publisher\":{\"@id\":\"https:\\\/\\\/kuoture.de\\\/#organization\"},\"potentialAction\":[{\"@type\":\"SearchAction\",\"target\":{\"@type\":\"EntryPoint\",\"urlTemplate\":\"https:\\\/\\\/kuoture.de\\\/?s={search_term_string}\"},\"query-input\":{\"@type\":\"PropertyValueSpecification\",\"valueRequired\":true,\"valueName\":\"search_term_string\"}}],\"inLanguage\":\"en-US\"},{\"@type\":\"Organization\",\"@id\":\"https:\\\/\\\/kuoture.de\\\/#organization\",\"name\":\"KUOTURE\",\"url\":\"https:\\\/\\\/kuoture.de\\\/\",\"logo\":{\"@type\":\"ImageObject\",\"inLanguage\":\"en-US\",\"@id\":\"https:\\\/\\\/kuoture.de\\\/#\\\/schema\\\/logo\\\/image\\\/\",\"url\":\"https:\\\/\\\/kuoture.de\\\/wp-content\\\/uploads\\\/2014\\\/09\\\/favicon1.png\",\"contentUrl\":\"https:\\\/\\\/kuoture.de\\\/wp-content\\\/uploads\\\/2014\\\/09\\\/favicon1.png\",\"width\":40,\"height\":40,\"caption\":\"KUOTURE\"},\"image\":{\"@id\":\"https:\\\/\\\/kuoture.de\\\/#\\\/schema\\\/logo\\\/image\\\/\"},\"sameAs\":[\"https:\\\/\\\/www.facebook.com\\\/kuoture\",\"https:\\\/\\\/www.linkedin.com\\\/in\\\/estherkuot\\\/\",\"https:\\\/\\\/www.instagram.com\\\/kuotureatelier\\\/\"]}]}<\/script>\n<!-- \/ Yoast SEO plugin. -->","yoast_head_json":{"title":"CAD Pattern making & Sampling - DIGITAL SAMPLES ATELIER","robots":{"index":"index","follow":"follow","max-snippet":"max-snippet:-1","max-image-preview":"max-image-preview:large","max-video-preview":"max-video-preview:-1"},"canonical":"https:\/\/kuoture.de\/musteranfertigung","og_locale":"en_US","og_type":"article","og_title":"CAD Pattern making & Sampling - DIGITAL SAMPLES ATELIER","og_url":"https:\/\/kuoture.de\/musteranfertigung","og_site_name":"DIGITAL SAMPLES ATELIER","article_publisher":"https:\/\/www.facebook.com\/kuoture","article_modified_time":"2022-03-12T12:20:28+00:00","twitter_misc":{"Est. reading time":"1 minute"},"schema":{"@context":"https:\/\/schema.org","@graph":[{"@type":"WebPage","@id":"https:\/\/kuoture.de\/musteranfertigung","url":"https:\/\/kuoture.de\/musteranfertigung","name":"CAD Pattern making & Sampling - DIGITAL SAMPLES ATELIER","isPartOf":{"@id":"https:\/\/kuoture.de\/#website"},"datePublished":"2015-02-28T18:58:58+00:00","dateModified":"2022-03-12T12:20:28+00:00","description":"Rationelle, traditionelle oder experimentelle Umsetzung Ihrer Kollektion als Produktionsmuster, f\u00fcr Fotoshootings & Messen \/ Mit Fokus auf Couture","breadcrumb":{"@id":"https:\/\/kuoture.de\/musteranfertigung#breadcrumb"},"inLanguage":"en-US","potentialAction":[{"@type":"ReadAction","target":["https:\/\/kuoture.de\/musteranfertigung"]}]},{"@type":"BreadcrumbList","@id":"https:\/\/kuoture.de\/musteranfertigung#breadcrumb","itemListElement":[{"@type":"ListItem","position":1,"name":"Startseite","item":"https:\/\/kuoture.de\/"},{"@type":"ListItem","position":2,"name":"CAD Schnittkonstruktion &#038; Musterung"}]},{"@type":"WebSite","@id":"https:\/\/kuoture.de\/#website","url":"https:\/\/kuoture.de\/","name":"KUOTURE - 3D | CAD | PATTERN MAKING","description":"3D | CAD | PROTOTYPING","publisher":{"@id":"https:\/\/kuoture.de\/#organization"},"potentialAction":[{"@type":"SearchAction","target":{"@type":"EntryPoint","urlTemplate":"https:\/\/kuoture.de\/?s={search_term_string}"},"query-input":{"@type":"PropertyValueSpecification","valueRequired":true,"valueName":"search_term_string"}}],"inLanguage":"en-US"},{"@type":"Organization","@id":"https:\/\/kuoture.de\/#organization","name":"KUOTURE","url":"https:\/\/kuoture.de\/","logo":{"@type":"ImageObject","inLanguage":"en-US","@id":"https:\/\/kuoture.de\/#\/schema\/logo\/image\/","url":"https:\/\/kuoture.de\/wp-content\/uploads\/2014\/09\/favicon1.png","contentUrl":"https:\/\/kuoture.de\/wp-content\/uploads\/2014\/09\/favicon1.png","width":40,"height":40,"caption":"KUOTURE"},"image":{"@id":"https:\/\/kuoture.de\/#\/schema\/logo\/image\/"},"sameAs":["https:\/\/www.facebook.com\/kuoture","https:\/\/www.linkedin.com\/in\/estherkuot\/","https:\/\/www.instagram.com\/kuotureatelier\/"]}]}},"_links":{"self":[{"href":"https:\/\/kuoture.de\/en\/wp-json\/wp\/v2\/pages\/2080","targetHints":{"allow":["GET"]}}],"collection":[{"href":"https:\/\/kuoture.de\/en\/wp-json\/wp\/v2\/pages"}],"about":[{"href":"https:\/\/kuoture.de\/en\/wp-json\/wp\/v2\/types\/page"}],"author":[{"embeddable":true,"href":"https:\/\/kuoture.de\/en\/wp-json\/wp\/v2\/users\/1"}],"replies":[{"embeddable":true,"href":"https:\/\/kuoture.de\/en\/wp-json\/wp\/v2\/comments?post=2080"}],"version-history":[{"count":5,"href":"https:\/\/kuoture.de\/en\/wp-json\/wp\/v2\/pages\/2080\/revisions"}],"predecessor-version":[{"id":4095,"href":"https:\/\/kuoture.de\/en\/wp-json\/wp\/v2\/pages\/2080\/revisions\/4095"}],"wp:attachment":[{"href":"https:\/\/kuoture.de\/en\/wp-json\/wp\/v2\/media?parent=2080"}],"curies":[{"name":"wp","href":"https:\/\/api.w.org\/{rel}","templated":true}]}}